{"id":2306,"date":"2018-06-18T06:57:36","date_gmt":"2018-06-18T06:57:36","guid":{"rendered":"https:\/\/daily-paintings.de\/home\/"},"modified":"2024-10-16T16:42:26","modified_gmt":"2024-10-16T16:42:26","slug":"home","status":"publish","type":"page","link":"https:\/\/daily-paintings.de\/en\/","title":{"rendered":"Home"},"content":{"rendered":"<div data-elementor-type=\"wp-post\" data-elementor-id=\"2306\" class=\"elementor elementor-2306\" data-elementor-post-type=\"page\">\n\t\t\t\t\t\t<section class=\"elementor-section elementor-top-section elementor-element elementor-element-2d4d228d elementor-section-content-middle elementor-section-full_width elementor-reverse-tablet elementor-reverse-mobile elementor-section-height-default elementor-section-height-default\" data-id=\"2d4d228d\" data-element_type=\"section\" data-settings=\"{&quot;background_background&quot;:&quot;classic&quot;}\">\n\t\t\t\t\t\t\t<div class=\"elementor-background-overlay\"><\/div>\n\t\t\t\t\t\t\t<div class=\"elementor-container elementor-column-gap-default\">\n\t\t\t\t\t<div class=\"elementor-column elementor-col-50 elementor-top-column elementor-element elementor-element-fc00856\" data-id=\"fc00856\" data-element_type=\"column\">\n\t\t\t<div class=\"elementor-widget-wrap elementor-element-populated\">\n\t\t\t\t\t\t<div class=\"elementor-element elementor-element-fa10a70 elementor-widget__width-inherit elementor-widget elementor-widget-heading\" data-id=\"fa10a70\" data-element_type=\"widget\" data-widget_type=\"heading.default\">\n\t\t\t\t<div class=\"elementor-widget-container\">\n\t\t\t<h2 class=\"elementor-heading-title elementor-size-default\">Daily Paintings: Great Small Formats<\/h2>\t\t<\/div>\n\t\t\t\t<\/div>\n\t\t\t\t<div class=\"elementor-element elementor-element-f539d7e elementor-widget elementor-widget-text-editor\" data-id=\"f539d7e\" data-element_type=\"widget\" data-widget_type=\"text-editor.default\">\n\t\t\t\t<div class=\"elementor-widget-container\">\n\t\t\t\t\t\t\t<p style=\"text-align: left;\">Discover the unique collection of original works of art in small format, created with great passion and attention to detail. You can buy art online from the comfort of your own home.<br><br>Our gallery offers a wide range of artworks that are valued as exclusive collector's items. Each piece tells an individual story and brings a special atmosphere to your premises.<br><\/p>\t\t\t\t\t\t<\/div>\n\t\t\t\t<\/div>\n\t\t\t\t<div class=\"elementor-element elementor-element-6b4312c elementor-tablet-align-center elementor-align-left elementor-widget elementor-widget-button\" data-id=\"6b4312c\" data-element_type=\"widget\" data-widget_type=\"button.default\">\n\t\t\t\t<div class=\"elementor-widget-container\">\n\t\t\t\t\t<div class=\"elementor-button-wrapper\">\n\t\t\t<a class=\"elementor-button elementor-button-link elementor-size-lg\" href=\"https:\/\/daily-paintings.de\/en\/galerie\/\">\n\t\t\t\t\t\t<span class=\"elementor-button-content-wrapper\">\n\t\t\t\t\t\t<span class=\"elementor-button-icon elementor-align-icon-right\">\n\t\t\t\t<i aria-hidden=\"true\" class=\"fas fa-angle-right\"><\/i>\t\t\t<\/span>\n\t\t\t\t\t\t<span class=\"elementor-button-text\">Check out the gallery<\/span>\n\t\t<\/span>\n\t\t\t\t\t<\/a>\n\t\t<\/div>\n\t\t\t\t<\/div>\n\t\t\t\t<\/div>\n\t\t\t\t\t<\/div>\n\t\t<\/div>\n\t\t\t\t<div class=\"elementor-column elementor-col-50 elementor-top-column elementor-element elementor-element-fb31d6d\" data-id=\"fb31d6d\" data-element_type=\"column\">\n\t\t\t<div class=\"elementor-widget-wrap elementor-element-populated\">\n\t\t\t\t\t\t<div class=\"elementor-element elementor-element-0bf52e3 elementor-widget elementor-widget-image\" data-id=\"0bf52e3\" data-element_type=\"widget\" data-widget_type=\"image.default\">\n\t\t\t\t<div class=\"elementor-widget-container\">\n\t\t\t\t\t\t\t\t\t\t\t\t\t<img fetchpriority=\"high\" decoding=\"async\" width=\"2560\" height=\"2271\" src=\"https:\/\/daily-paintings.de\/wp-content\/uploads\/2023\/11\/Hero-scaled.jpg\" class=\"attachment-full size-full wp-image-9842\" alt=\"\" srcset=\"https:\/\/daily-paintings.de\/wp-content\/uploads\/2023\/11\/Hero-scaled.jpg 2560w, https:\/\/daily-paintings.de\/wp-content\/uploads\/2023\/11\/Hero-300x266.jpg 300w, https:\/\/daily-paintings.de\/wp-content\/uploads\/2023\/11\/Hero-1024x908.jpg 1024w, https:\/\/daily-paintings.de\/wp-content\/uploads\/2023\/11\/Hero-768x681.jpg 768w, https:\/\/daily-paintings.de\/wp-content\/uploads\/2023\/11\/Hero-1536x1363.jpg 1536w, https:\/\/daily-paintings.de\/wp-content\/uploads\/2023\/11\/Hero-2048x1817.jpg 2048w, https:\/\/daily-paintings.de\/wp-content\/uploads\/2023\/11\/Hero-14x12.jpg 14w, https:\/\/daily-paintings.de\/wp-content\/uploads\/2023\/11\/Hero-600x532.jpg 600w\" sizes=\"(max-width: 2560px) 100vw, 2560px\" \/>\t\t\t\t\t\t\t\t\t\t\t\t\t<\/div>\n\t\t\t\t<\/div>\n\t\t\t\t\t<\/div>\n\t\t<\/div>\n\t\t\t\t\t<\/div>\n\t\t<\/section>\n\t\t\t\t<section class=\"elementor-section elementor-top-section elementor-element elementor-element-c51cd50 elementor-section-content-middle elementor-section-height-min-height elementor-section-boxed elementor-section-height-default elementor-section-items-middle\" data-id=\"c51cd50\" data-element_type=\"section\">\n\t\t\t\t\t\t<div class=\"elementor-container elementor-column-gap-no\">\n\t\t\t\t\t<div class=\"elementor-column elementor-col-100 elementor-top-column elementor-element elementor-element-3e1ad0b\" data-id=\"3e1ad0b\" data-element_type=\"column\">\n\t\t\t<div class=\"elementor-widget-wrap elementor-element-populated\">\n\t\t\t\t\t\t<div class=\"elementor-element elementor-element-49b5736 elementor-widget elementor-widget-heading\" data-id=\"49b5736\" data-element_type=\"widget\" data-widget_type=\"heading.default\">\n\t\t\t\t<div class=\"elementor-widget-container\">\n\t\t\t<h1 class=\"elementor-heading-title elementor-size-default\">Brand new daily paintings:<\/h1>\t\t<\/div>\n\t\t\t\t<\/div>\n\t\t\t\t<div class=\"elementor-element elementor-element-4f96aa7 elementor-widget-divider--view-line elementor-widget elementor-widget-divider\" data-id=\"4f96aa7\" data-element_type=\"widget\" data-widget_type=\"divider.default\">\n\t\t\t\t<div class=\"elementor-widget-container\">\n\t\t\t\t\t<div class=\"elementor-divider\">\n\t\t\t<span class=\"elementor-divider-separator\">\n\t\t\t\t\t\t<\/span>\n\t\t<\/div>\n\t\t\t\t<\/div>\n\t\t\t\t<\/div>\n\t\t\t\t<div class=\"elementor-element elementor-element-395a8d1 elementor-tablet-align-center elementor-align-center elementor-widget elementor-widget-button\" data-id=\"395a8d1\" data-element_type=\"widget\" data-widget_type=\"button.default\">\n\t\t\t\t<div class=\"elementor-widget-container\">\n\t\t\t\t\t<div class=\"elementor-button-wrapper\">\n\t\t\t<a class=\"elementor-button elementor-button-link elementor-size-lg\" href=\"https:\/\/daily-paintings.de\/en\/galerie\/\">\n\t\t\t\t\t\t<span class=\"elementor-button-content-wrapper\">\n\t\t\t\t\t\t<span class=\"elementor-button-icon elementor-align-icon-right\">\n\t\t\t\t<i aria-hidden=\"true\" class=\"fas fa-angle-right\"><\/i>\t\t\t<\/span>\n\t\t\t\t\t\t<span class=\"elementor-button-text\">Check out the gallery<\/span>\n\t\t<\/span>\n\t\t\t\t\t<\/a>\n\t\t<\/div>\n\t\t\t\t<\/div>\n\t\t\t\t<\/div>\n\t\t\t\t\t<\/div>\n\t\t<\/div>\n\t\t\t\t\t<\/div>\n\t\t<\/section>\n\t\t\t\t<section class=\"elementor-section elementor-top-section elementor-element elementor-element-b25af43 elementor-section-content-middle elementor-section-height-min-height elementor-section-full_width elementor-section-height-default elementor-section-items-middle\" data-id=\"b25af43\" data-element_type=\"section\" data-settings=\"{&quot;background_background&quot;:&quot;classic&quot;}\">\n\t\t\t\t\t\t<div class=\"elementor-container elementor-column-gap-no\">\n\t\t\t\t\t<div class=\"elementor-column elementor-col-100 elementor-top-column elementor-element elementor-element-5c3f0e0\" data-id=\"5c3f0e0\" data-element_type=\"column\">\n\t\t\t<div class=\"elementor-widget-wrap elementor-element-populated\">\n\t\t\t\t\t\t<div class=\"elementor-element elementor-element-8b1e58c elementor-widget elementor-widget-heading\" data-id=\"8b1e58c\" data-element_type=\"widget\" data-widget_type=\"heading.default\">\n\t\t\t\t<div class=\"elementor-widget-container\">\n\t\t\t<h2 class=\"elementor-heading-title elementor-size-default\">Daily Painting in a nutshell<\/h2>\t\t<\/div>\n\t\t\t\t<\/div>\n\t\t\t\t<div class=\"elementor-element elementor-element-fa334e8 elementor-widget-divider--view-line elementor-widget elementor-widget-divider\" data-id=\"fa334e8\" data-element_type=\"widget\" data-widget_type=\"divider.default\">\n\t\t\t\t<div class=\"elementor-widget-container\">\n\t\t\t\t\t<div class=\"elementor-divider\">\n\t\t\t<span class=\"elementor-divider-separator\">\n\t\t\t\t\t\t<\/span>\n\t\t<\/div>\n\t\t\t\t<\/div>\n\t\t\t\t<\/div>\n\t\t\t\t<div class=\"elementor-element elementor-element-5260c30 elementor-widget elementor-widget-accordion\" data-id=\"5260c30\" data-element_type=\"widget\" data-widget_type=\"accordion.default\">\n\t\t\t\t<div class=\"elementor-widget-container\">\n\t\t\t\t\t<div class=\"elementor-accordion\">\n\t\t\t\t\t\t\t<div class=\"elementor-accordion-item\">\n\t\t\t\t\t<div id=\"elementor-tab-title-8631\" class=\"elementor-tab-title\" data-tab=\"1\" role=\"button\" aria-controls=\"elementor-tab-content-8631\" aria-expanded=\"false\">\n\t\t\t\t\t\t\t\t\t\t\t\t\t<span class=\"elementor-accordion-icon elementor-accordion-icon-right\" aria-hidden=\"true\">\n\t\t\t\t\t\t\t\t\t\t\t\t\t\t\t<span class=\"elementor-accordion-icon-closed\"><i class=\"fas fa-plus\"><\/i><\/span>\n\t\t\t\t\t\t\t\t<span class=\"elementor-accordion-icon-opened\"><i class=\"fas fa-minus\"><\/i><\/span>\n\t\t\t\t\t\t\t\t\t\t\t\t\t\t<\/span>\n\t\t\t\t\t\t\t\t\t\t\t\t<a class=\"elementor-accordion-title\" tabindex=\"0\">What is Daily Painting?<\/a>\n\t\t\t\t\t<\/div>\n\t\t\t\t\t<div id=\"elementor-tab-content-8631\" class=\"elementor-tab-content elementor-clearfix\" data-tab=\"1\" role=\"region\" aria-labelledby=\"elementor-tab-title-8631\"><p>\"Paint small and often\" - loosely translated: \"paint small and often\". That is the motto of daily painting. It's about the sense of achievement and the joy of producing a small work of art every day.<\/p><p>We would like to extend this current trend in the USA to German-speaking countries so that the small dailies (often 15x15cm or 25x25cm) become collector's items here too.<\/p><p>Everyday motifs such as people, still lifes, flowers, animals and the regular painting workload reduce one's own pressure to succeed and quickly improve skills.<\/p><p class=\" translation-block\">There is a difference between painting every day and \"<strong>painting ONE picture<\/strong> every day\".<\/p><\/div>\n\t\t\t\t<\/div>\n\t\t\t\t\t\t\t<div class=\"elementor-accordion-item\">\n\t\t\t\t\t<div id=\"elementor-tab-title-8632\" class=\"elementor-tab-title\" data-tab=\"2\" role=\"button\" aria-controls=\"elementor-tab-content-8632\" aria-expanded=\"false\">\n\t\t\t\t\t\t\t\t\t\t\t\t\t<span class=\"elementor-accordion-icon elementor-accordion-icon-right\" aria-hidden=\"true\">\n\t\t\t\t\t\t\t\t\t\t\t\t\t\t\t<span class=\"elementor-accordion-icon-closed\"><i class=\"fas fa-plus\"><\/i><\/span>\n\t\t\t\t\t\t\t\t<span class=\"elementor-accordion-icon-opened\"><i class=\"fas fa-minus\"><\/i><\/span>\n\t\t\t\t\t\t\t\t\t\t\t\t\t\t<\/span>\n\t\t\t\t\t\t\t\t\t\t\t\t<a class=\"elementor-accordion-title\" tabindex=\"0\">What makes these little works of art so special?<\/a>\n\t\t\t\t\t<\/div>\n\t\t\t\t\t<div id=\"elementor-tab-content-8632\" class=\"elementor-tab-content elementor-clearfix\" data-tab=\"2\" role=\"region\" aria-labelledby=\"elementor-tab-title-8632\"><p>The choice of motifs that may be so everyday.<\/p><p>As collector's items, Daily Paintings offer the possibility of being harmoniously combined with one another thanks to their standardised sizes<\/p><p>In this way, the images can be changed according to the seasons, for example.<\/p><\/div>\n\t\t\t\t<\/div>\n\t\t\t\t\t\t\t\t\t\t<script type=\"application\/ld+json\">{\"@context\":\"https:\\\/\\\/schema.org\",\"@type\":\"FAQPage\",\"mainEntity\":[{\"@type\":\"Question\",\"name\":\"Was bedeutet Daily Painting?\",\"acceptedAnswer\":{\"@type\":\"Answer\",\"text\":\"<p>&#8220;Paint small and often&#8221; &#8211; frei \\u00fcbersetzt: &#8220;male kleinformatig und h\\u00e4ufig&#8221;. Das ist das Motto des Daily Paintings. Es geht um das Erfolgserlebnis und die Freude daran, jeden Tag ein kleines Kunstwerk zu fertigen.<\\\/p><p>Dieses aktuelle Trendthema in den USA m\\u00f6chten wir im deutschsprachigen Raum erweitern, so dass auch hier die kleinen Dailys\\u00a0 (h\\u00e4ufig 15x15cm oder 25x25cm) zu Sammlerobjekten werden.<\\\/p><p>Allt\\u00e4gliche Motive wie Menschen, Stillleben, Blumen, Tiere und das regelm\\u00e4\\u00dfige Malpensum verringern den eigenen Erfolgsdruck und verbessern schnell die F\\u00e4higkeiten.<\\\/p><p>Es ist ein Unterschied, jeden Tag zu malen, oder &#8220;<strong>jeden Tag EIN Bild<\\\/strong> zu malen&#8221;.<\\\/p>\"}},{\"@type\":\"Question\",\"name\":\"Was macht die kleinen Kunstwerke so besonders?\",\"acceptedAnswer\":{\"@type\":\"Answer\",\"text\":\"<p>Die Auswahl der Motive, die so allt\\u00e4glich sein d\\u00fcrfen.<\\\/p><p>Daily Paintings bieten \\u00a0als Sammlerobjekte \\u00a0die M\\u00f6glichkeit, durch einheitliche Gr\\u00f6\\u00dfen harmonisch miteinander kombiniert zu werden.<\\\/p><p>Auf diese Weise k\\u00f6nnen die Bilder beispielsweise entsprechend den Jahreszeiten ausgetauscht werden.<\\\/p>\"}}]}<\/script>\n\t\t\t\t\t<\/div>\n\t\t\t\t<\/div>\n\t\t\t\t<\/div>\n\t\t\t\t\t<\/div>\n\t\t<\/div>\n\t\t\t\t\t<\/div>\n\t\t<\/section>\n\t\t\t\t<section class=\"elementor-section elementor-top-section elementor-element elementor-element-97794ee elementor-section-content-middle elementor-section-boxed elementor-section-height-default elementor-section-height-default\" data-id=\"97794ee\" data-element_type=\"section\" data-settings=\"{&quot;background_background&quot;:&quot;classic&quot;}\">\n\t\t\t\t\t\t<div class=\"elementor-container elementor-column-gap-no\">\n\t\t\t\t\t<div class=\"elementor-column elementor-col-100 elementor-top-column elementor-element elementor-element-7ff240f\" data-id=\"7ff240f\" data-element_type=\"column\">\n\t\t\t<div class=\"elementor-widget-wrap elementor-element-populated\">\n\t\t\t\t\t\t<div class=\"elementor-element elementor-element-e0a6261 elementor-widget elementor-widget-heading\" data-id=\"e0a6261\" data-element_type=\"widget\" data-widget_type=\"heading.default\">\n\t\t\t\t<div class=\"elementor-widget-container\">\n\t\t\t<h3 class=\"elementor-heading-title elementor-size-default\">Virtual meeting place <\/h3>\t\t<\/div>\n\t\t\t\t<\/div>\n\t\t\t\t<div class=\"elementor-element elementor-element-2742fd7 elementor-widget-divider--view-line elementor-widget elementor-widget-divider\" data-id=\"2742fd7\" data-element_type=\"widget\" data-widget_type=\"divider.default\">\n\t\t\t\t<div class=\"elementor-widget-container\">\n\t\t\t\t\t<div class=\"elementor-divider\">\n\t\t\t<span class=\"elementor-divider-separator\">\n\t\t\t\t\t\t<\/span>\n\t\t<\/div>\n\t\t\t\t<\/div>\n\t\t\t\t<\/div>\n\t\t\t\t<div class=\"elementor-element elementor-element-9ea0b00 elementor-widget elementor-widget-heading\" data-id=\"9ea0b00\" data-element_type=\"widget\" data-widget_type=\"heading.default\">\n\t\t\t\t<div class=\"elementor-widget-container\">\n\t\t\t<h3 class=\"elementor-heading-title elementor-size-default\">For artists and art lovers<\/h3>\t\t<\/div>\n\t\t\t\t<\/div>\n\t\t\t\t<section class=\"elementor-section elementor-inner-section elementor-element elementor-element-996477c elementor-section-boxed elementor-section-height-default elementor-section-height-default\" data-id=\"996477c\" data-element_type=\"section\">\n\t\t\t\t\t\t<div class=\"elementor-container elementor-column-gap-default\">\n\t\t\t\t\t<div class=\"elementor-column elementor-col-50 elementor-inner-column elementor-element elementor-element-9f2a0f3\" data-id=\"9f2a0f3\" data-element_type=\"column\">\n\t\t\t<div class=\"elementor-widget-wrap elementor-element-populated\">\n\t\t\t\t\t\t<div class=\"elementor-element elementor-element-17ee902 elementor-widget elementor-widget-image\" data-id=\"17ee902\" data-element_type=\"widget\" data-widget_type=\"image.default\">\n\t\t\t\t<div class=\"elementor-widget-container\">\n\t\t\t\t\t\t\t\t\t\t\t\t\t<img decoding=\"async\" width=\"768\" height=\"567\" src=\"https:\/\/daily-paintings.de\/wp-content\/uploads\/2023\/05\/B6739E5F-D09E-4B00-9F50-51DD85C2D81C-768x567.jpeg\" class=\"elementor-animation-grow attachment-medium_large size-medium_large wp-image-7745\" alt=\"\" srcset=\"https:\/\/daily-paintings.de\/wp-content\/uploads\/2023\/05\/B6739E5F-D09E-4B00-9F50-51DD85C2D81C-768x567.jpeg 768w, https:\/\/daily-paintings.de\/wp-content\/uploads\/2023\/05\/B6739E5F-D09E-4B00-9F50-51DD85C2D81C-300x221.jpeg 300w, https:\/\/daily-paintings.de\/wp-content\/uploads\/2023\/05\/B6739E5F-D09E-4B00-9F50-51DD85C2D81C-1024x756.jpeg 1024w, https:\/\/daily-paintings.de\/wp-content\/uploads\/2023\/05\/B6739E5F-D09E-4B00-9F50-51DD85C2D81C-1536x1133.jpeg 1536w, https:\/\/daily-paintings.de\/wp-content\/uploads\/2023\/05\/B6739E5F-D09E-4B00-9F50-51DD85C2D81C-2048x1511.jpeg 2048w, https:\/\/daily-paintings.de\/wp-content\/uploads\/2023\/05\/B6739E5F-D09E-4B00-9F50-51DD85C2D81C-16x12.jpeg 16w, https:\/\/daily-paintings.de\/wp-content\/uploads\/2023\/05\/B6739E5F-D09E-4B00-9F50-51DD85C2D81C-600x443.jpeg 600w\" sizes=\"(max-width: 768px) 100vw, 768px\" \/>\t\t\t\t\t\t\t\t\t\t\t\t\t<\/div>\n\t\t\t\t<\/div>\n\t\t\t\t<div class=\"elementor-element elementor-element-e30c74d elementor-widget elementor-widget-heading\" data-id=\"e30c74d\" data-element_type=\"widget\" data-widget_type=\"heading.default\">\n\t\t\t\t<div class=\"elementor-widget-container\">\n\t\t\t<h5 class=\"elementor-heading-title elementor-size-default\">You are an artist and would like to sell your artwork online via our platform?<\/h5>\t\t<\/div>\n\t\t\t\t<\/div>\n\t\t\t\t<div class=\"elementor-element elementor-element-73b67b0 elementor-align-center elementor-widget elementor-widget-button\" data-id=\"73b67b0\" data-element_type=\"widget\" data-widget_type=\"button.default\">\n\t\t\t\t<div class=\"elementor-widget-container\">\n\t\t\t\t\t<div class=\"elementor-button-wrapper\">\n\t\t\t<a class=\"elementor-button elementor-button-link elementor-size-lg\" href=\"https:\/\/daily-paintings.de\/en\/kuenstler-bewerbung\/\">\n\t\t\t\t\t\t<span class=\"elementor-button-content-wrapper\">\n\t\t\t\t\t\t<span class=\"elementor-button-icon elementor-align-icon-right\">\n\t\t\t\t<i aria-hidden=\"true\" class=\"fas fa-angle-right\"><\/i>\t\t\t<\/span>\n\t\t\t\t\t\t<span class=\"elementor-button-text\">Learn more<\/span>\n\t\t<\/span>\n\t\t\t\t\t<\/a>\n\t\t<\/div>\n\t\t\t\t<\/div>\n\t\t\t\t<\/div>\n\t\t\t\t\t<\/div>\n\t\t<\/div>\n\t\t\t\t<div class=\"elementor-column elementor-col-50 elementor-inner-column elementor-element elementor-element-fa4464d\" data-id=\"fa4464d\" data-element_type=\"column\">\n\t\t\t<div class=\"elementor-widget-wrap elementor-element-populated\">\n\t\t\t\t\t\t<div class=\"elementor-element elementor-element-afc4b8d elementor-widget elementor-widget-image\" data-id=\"afc4b8d\" data-element_type=\"widget\" data-widget_type=\"image.default\">\n\t\t\t\t<div class=\"elementor-widget-container\">\n\t\t\t\t\t\t\t\t\t\t\t\t\t<img decoding=\"async\" width=\"768\" height=\"617\" src=\"https:\/\/daily-paintings.de\/wp-content\/uploads\/2023\/05\/0A08ADEA-619E-4868-9D2A-B0074B3C36AE-768x617.jpeg\" class=\"elementor-animation-grow attachment-medium_large size-medium_large wp-image-7735\" alt=\"\" srcset=\"https:\/\/daily-paintings.de\/wp-content\/uploads\/2023\/05\/0A08ADEA-619E-4868-9D2A-B0074B3C36AE-768x617.jpeg 768w, https:\/\/daily-paintings.de\/wp-content\/uploads\/2023\/05\/0A08ADEA-619E-4868-9D2A-B0074B3C36AE-300x241.jpeg 300w, https:\/\/daily-paintings.de\/wp-content\/uploads\/2023\/05\/0A08ADEA-619E-4868-9D2A-B0074B3C36AE-1024x823.jpeg 1024w, https:\/\/daily-paintings.de\/wp-content\/uploads\/2023\/05\/0A08ADEA-619E-4868-9D2A-B0074B3C36AE-15x12.jpeg 15w, https:\/\/daily-paintings.de\/wp-content\/uploads\/2023\/05\/0A08ADEA-619E-4868-9D2A-B0074B3C36AE-600x482.jpeg 600w, https:\/\/daily-paintings.de\/wp-content\/uploads\/2023\/05\/0A08ADEA-619E-4868-9D2A-B0074B3C36AE.jpeg 1337w\" sizes=\"(max-width: 768px) 100vw, 768px\" \/>\t\t\t\t\t\t\t\t\t\t\t\t\t<\/div>\n\t\t\t\t<\/div>\n\t\t\t\t<div class=\"elementor-element elementor-element-a885964 elementor-widget elementor-widget-heading\" data-id=\"a885964\" data-element_type=\"widget\" data-widget_type=\"heading.default\">\n\t\t\t\t<div class=\"elementor-widget-container\">\n\t\t\t<h5 class=\"elementor-heading-title elementor-size-default\">Find your favourite painting!<\/h5>\t\t<\/div>\n\t\t\t\t<\/div>\n\t\t\t\t<div class=\"elementor-element elementor-element-6a6c707 elementor-align-center elementor-widget elementor-widget-button\" data-id=\"6a6c707\" data-element_type=\"widget\" data-widget_type=\"button.default\">\n\t\t\t\t<div class=\"elementor-widget-container\">\n\t\t\t\t\t<div class=\"elementor-button-wrapper\">\n\t\t\t<a class=\"elementor-button elementor-button-link elementor-size-lg\" href=\"https:\/\/daily-paintings.de\/en\/galerie\/\">\n\t\t\t\t\t\t<span class=\"elementor-button-content-wrapper\">\n\t\t\t\t\t\t<span class=\"elementor-button-icon elementor-align-icon-right\">\n\t\t\t\t<i aria-hidden=\"true\" class=\"fas fa-angle-right\"><\/i>\t\t\t<\/span>\n\t\t\t\t\t\t<span class=\"elementor-button-text\">This way<\/span>\n\t\t<\/span>\n\t\t\t\t\t<\/a>\n\t\t<\/div>\n\t\t\t\t<\/div>\n\t\t\t\t<\/div>\n\t\t\t\t\t<\/div>\n\t\t<\/div>\n\t\t\t\t\t<\/div>\n\t\t<\/section>\n\t\t\t\t\t<\/div>\n\t\t<\/div>\n\t\t\t\t\t<\/div>\n\t\t<\/section>\n\t\t\t\t<\/div>","protected":false},"excerpt":{"rendered":"<p>Daily Paintings gro\u00dfARTig kleinformatig Entdecke eine einzigartige Sammlung von Original-Kunstwerken im kleinen Format, die mit gro\u00dfer Leidenschaft und Detailverliebtheit geschaffen wurden. Bei uns kannst du Kunst ganz bequem von zuhause aus online kaufen. Unsere Galerie bietet eine breite Palette von Kunstwerken, die als exklusive Sammlerobjekte gesch\u00e4tzt werden. Jedes St\u00fcck erz\u00e4hlt eine individuelle Geschichte und bringt [&hellip;]<\/p>","protected":false},"author":1,"featured_media":0,"parent":0,"menu_order":0,"comment_status":"closed","ping_status":"closed","template":"","meta":{"site-sidebar-layout":"no-sidebar","site-content-layout":"page-builder","ast-site-content-layout":"full-width-container","site-content-style":"unboxed","site-sidebar-style":"unboxed","ast-global-header-display":"","ast-banner-title-visibility":"","ast-main-header-display":"","ast-hfb-above-header-display":"","ast-hfb-below-header-display":"","ast-hfb-mobile-header-display":"","site-post-title":"disabled","ast-breadcrumbs-content":"","ast-featured-img":"disabled","footer-sml-layout":"","theme-transparent-header-meta":"enabled","adv-header-id-meta":"","stick-header-meta":"","header-above-stick-meta":"","header-main-stick-meta":"","header-below-stick-meta":"","astra-migrate-meta-layouts":"set","ast-page-background-enabled":"default","ast-page-background-meta":{"desktop":{"background-color":"","background-image":"","background-repeat":"repeat","background-position":"center center","background-size":"auto","background-attachment":"scroll","background-type":"","background-media":"","overlay-type":"","overlay-color":"","overlay-gradient":""},"tablet":{"background-color":"","background-image":"","background-repeat":"repeat","background-position":"center center","background-size":"auto","background-attachment":"scroll","background-type":"","background-media":"","overlay-type":"","overlay-color":"","overlay-gradient":""},"mobile":{"background-color":"","background-image":"","background-repeat":"repeat","background-position":"center center","background-size":"auto","background-attachment":"scroll","background-type":"","background-media":"","overlay-type":"","overlay-color":"","overlay-gradient":""}},"ast-content-background-meta":{"desktop":{"background-color":"var(--ast-global-color-5)","background-image":"","background-repeat":"repeat","background-position":"center center","background-size":"auto","background-attachment":"scroll","background-type":"","background-media":"","overlay-type":"","overlay-color":"","overlay-gradient":""},"tablet":{"background-color":"var(--ast-global-color-5)","background-image":"","background-repeat":"repeat","background-position":"center center","background-size":"auto","background-attachment":"scroll","background-type":"","background-media":"","overlay-type":"","overlay-color":"","overlay-gradient":""},"mobile":{"background-color":"var(--ast-global-color-5)","background-image":"","background-repeat":"repeat","background-position":"center center","background-size":"auto","background-attachment":"scroll","background-type":"","background-media":"","overlay-type":"","overlay-color":"","overlay-gradient":""}},"footnotes":""},"_links":{"self":[{"href":"https:\/\/daily-paintings.de\/en\/wp-json\/wp\/v2\/pages\/2306"}],"collection":[{"href":"https:\/\/daily-paintings.de\/en\/wp-json\/wp\/v2\/pages"}],"about":[{"href":"https:\/\/daily-paintings.de\/en\/wp-json\/wp\/v2\/types\/page"}],"author":[{"embeddable":true,"href":"https:\/\/daily-paintings.de\/en\/wp-json\/wp\/v2\/users\/1"}],"replies":[{"embeddable":true,"href":"https:\/\/daily-paintings.de\/en\/wp-json\/wp\/v2\/comments?post=2306"}],"version-history":[{"count":606,"href":"https:\/\/daily-paintings.de\/en\/wp-json\/wp\/v2\/pages\/2306\/revisions"}],"predecessor-version":[{"id":11460,"href":"https:\/\/daily-paintings.de\/en\/wp-json\/wp\/v2\/pages\/2306\/revisions\/11460"}],"wp:attachment":[{"href":"https:\/\/daily-paintings.de\/en\/wp-json\/wp\/v2\/media?parent=2306"}],"curies":[{"name":"wp","href":"https:\/\/api.w.org\/{rel}","templated":true}]}}