{"id":2719,"date":"2022-10-01T09:07:30","date_gmt":"2022-10-01T09:07:30","guid":{"rendered":"https:\/\/daily-paintings.de\/widerrufsbelehrung\/"},"modified":"2024-03-19T13:49:47","modified_gmt":"2024-03-19T13:49:47","slug":"widerrufsbelehrung","status":"publish","type":"page","link":"https:\/\/daily-paintings.de\/en\/widerrufsbelehrung\/","title":{"rendered":"Cancellation policy"},"content":{"rendered":"<div data-elementor-type=\"wp-page\" data-elementor-id=\"2719\" class=\"elementor elementor-2719\" data-elementor-post-type=\"page\">\n\t\t\t\t\t\t<section class=\"elementor-section elementor-top-section elementor-element elementor-element-49fd0424 elementor-section-content-middle elementor-section-boxed elementor-section-height-default elementor-section-height-default\" data-id=\"49fd0424\" data-element_type=\"section\" data-settings=\"{&quot;background_background&quot;:&quot;classic&quot;}\">\n\t\t\t\t\t\t\t<div class=\"elementor-background-overlay\"><\/div>\n\t\t\t\t\t\t\t<div class=\"elementor-container elementor-column-gap-default\">\n\t\t\t\t\t<div class=\"elementor-column elementor-col-100 elementor-top-column elementor-element elementor-element-2fb82e64\" data-id=\"2fb82e64\" data-element_type=\"column\">\n\t\t\t<div class=\"elementor-widget-wrap elementor-element-populated\">\n\t\t\t\t\t\t<div class=\"elementor-element elementor-element-6182751b elementor-widget elementor-widget-text-editor\" data-id=\"6182751b\" data-element_type=\"widget\" data-widget_type=\"text-editor.default\">\n\t\t\t\t<div class=\"elementor-widget-container\">\n\t\t\t\t\t\t\t<table data-tablestyle=\"MsoNormalTable\" data-tablelook=\"1184\" aria-rowcount=\"10\"><tbody><tr aria-rowindex=\"1\"><td data-celllook=\"4113\"><p><b><span data-contrast=\"none\">Cancellation policy<\/span><\/b><span data-ccp-props=\"{&quot;335551550&quot;:2,&quot;335551620&quot;:2}\">\u00a0<\/span><\/p><\/td><\/tr><tr aria-rowindex=\"2\"><td data-celllook=\"4112\"><p><b><span data-contrast=\"none\">Widerrufsrecht<\/span><\/b><span data-ccp-props=\"{&quot;335551550&quot;:6,&quot;335551620&quot;:6}\">\u00a0<\/span><\/p><\/td><\/tr><tr aria-rowindex=\"3\"><td data-celllook=\"4112\"><p><span data-contrast=\"none\">Sie haben das Recht, binnen vierzehn Tagen ohne Angabe von Gr\u00fcnden diesen Vertrag zu widerrufen.<\/span><span data-ccp-props=\"{&quot;335551550&quot;:6,&quot;335551620&quot;:6}\">\u00a0<\/span><\/p><\/td><\/tr><tr aria-rowindex=\"4\"><td data-celllook=\"4112\"><p><span data-contrast=\"none\">Die Widerrufsfrist betr\u00e4gt vierzehn Tage ab dem Tag\u202fan dem Sie oder ein von Ihnen benannter Dritter, der nicht der Bef\u00f6rderer ist, die Waren in Besitz genommen haben bzw. hat.<\/span><span data-ccp-props=\"{&quot;335551550&quot;:6,&quot;335551620&quot;:6}\">\u00a0<\/span><\/p><\/td><\/tr><tr aria-rowindex=\"5\"><td data-celllook=\"4112\"><p><span data-contrast=\"none\">Um Ihr Widerrufsrecht auszu\u00fcben, m\u00fcssen Sie uns (<\/span><span data-contrast=\"auto\">Digital Impact Studio Klassen), Drahtzugstrasse 54, 4057 Basel, Schweiz, E-Mail <\/span><span data-contrast=\"none\">info@daily-paintings.de<\/span><span data-contrast=\"none\">) mittels einer eindeutigen Erkl\u00e4rung (z. B. ein mit der Post versandter Brief oder eine E-Mail) \u00fcber Ihren Entschluss, diesen Vertrag zu widerrufen, informieren. Sie k\u00f6nnen daf\u00fcr das beigef\u00fcgte Muster-Widerrufsformular verwenden, das jedoch nicht vorgeschrieben ist.\u00a0<\/span><span data-ccp-props=\"{&quot;335551550&quot;:6,&quot;335551620&quot;:6}\">\u00a0<\/span><\/p><\/td><\/tr><tr aria-rowindex=\"6\"><td data-celllook=\"4112\"><p><span data-contrast=\"none\">Zur Wahrung der Widerrufsfrist reicht es aus, dass Sie die Mitteilung \u00fcber die Aus\u00fcbung des Widerrufsrechts vor Ablauf der Widerrufsfrist absenden.<\/span><span data-ccp-props=\"{&quot;335551550&quot;:6,&quot;335551620&quot;:6}\">\u00a0<\/span><\/p><\/td><\/tr><tr aria-rowindex=\"7\"><td data-celllook=\"4112\"><p><b><span data-contrast=\"none\">Folgen des Widerrufs<\/span><\/b><span data-ccp-props=\"{&quot;335551550&quot;:6,&quot;335551620&quot;:6}\">\u00a0<\/span><\/p><\/td><\/tr><tr aria-rowindex=\"8\"><td data-celllook=\"4368\"><p><span data-contrast=\"none\">Wenn Sie diesen Vertrag widerrufen, haben wir Ihnen alle Zahlungen, die wir von Ihnen erhalten haben, einschlie\u00dflich der Lieferkosten (mit Ausnahme der zus\u00e4tzlichen Kosten, die sich daraus ergeben, dass Sie eine andere Art der Lieferung als die von uns angebotene, g\u00fcnstigste Standardlieferung gew\u00e4hlt haben), unverz\u00fcglich und sp\u00e4testens binnen vierzehn Tagen ab dem Tag zur\u00fcckzuzahlen, an dem die Mitteilung \u00fcber Ihren Widerruf dieses Vertrags bei uns eingegangen ist. F\u00fcr diese R\u00fcckzahlung verwenden wir dasselbe Zahlungsmittel, das Sie bei der urspr\u00fcnglichen Transaktion eingesetzt haben, es sei denn, mit Ihnen wurde ausdr\u00fccklich etwas anderes vereinbart; in keinem Fall werden Ihnen wegen dieser R\u00fcckzahlung Entgelte berechnet.<\/span><span data-ccp-props=\"{&quot;335551550&quot;:6,&quot;335551620&quot;:6,&quot;335559739&quot;:120}\">\u00a0<\/span><\/p><p><span data-contrast=\"none\">Wir k\u00f6nnen die R\u00fcckzahlung verweigern, bis wir die Waren wieder zur\u00fcckerhalten haben oder bis Sie den Nachweis erbracht haben, dass Sie die Waren zur\u00fcckgesandt haben, je nachdem, welches der fr\u00fchere Zeitpunkt ist<\/span><span data-ccp-props=\"{&quot;335551550&quot;:6,&quot;335551620&quot;:6}\">\u00a0<\/span><\/p><\/td><\/tr><tr aria-rowindex=\"9\"><td data-celllook=\"69905\"><p><span data-contrast=\"none\">Sie haben die Waren unverz\u00fcglich und in jedem Fall sp\u00e4testens binnen vierzehn Tagen ab dem Tag, an dem Sie uns \u00fcber den Widerruf dieses Vertrags unterrichten, an uns zur\u00fcckzusenden oder zu \u00fcbergeben. Die Frist ist gewahrt, wenn Sie die Waren vor Ablauf der Frist von vierzehn Tagen absenden.<\/span><span data-ccp-props=\"{&quot;335551550&quot;:6,&quot;335551620&quot;:6,&quot;335559739&quot;:120}\">\u00a0<\/span><\/p><p><span data-contrast=\"none\">Sie tragen die unmittelbaren Kosten der R\u00fccksendung der Waren.<\/span><span data-ccp-props=\"{&quot;335551550&quot;:6,&quot;335551620&quot;:6}\">\u00a0<\/span><\/p><\/td><\/tr><tr aria-rowindex=\"10\"><td data-celllook=\"4369\"><p><span data-ccp-props=\"{}\">\u00a0<\/span><\/p><\/td><\/tr><\/tbody><\/table><p><span data-ccp-props=\"{}\">\u00a0<\/span><\/p><table data-tablestyle=\"MsoNormalTable\" data-tablelook=\"1184\" aria-rowcount=\"4\"><tbody><tr aria-rowindex=\"1\"><td data-celllook=\"4113\"><p><b><span data-contrast=\"none\">Muster-Widerrufsformular<\/span><\/b><span data-ccp-props=\"{&quot;335551550&quot;:2,&quot;335551620&quot;:2}\">\u00a0<\/span><\/p><\/td><\/tr><tr aria-rowindex=\"2\"><td data-celllook=\"4112\"><p><span data-contrast=\"none\">(Wenn Sie den Vertrag widerrufen wollen, dann f\u00fcllen Sie bitte dieses Formular aus und senden Sie es zur\u00fcck.)<\/span><span data-ccp-props=\"{}\">\u00a0<\/span><\/p><\/td><\/tr><tr aria-rowindex=\"3\"><td data-celllook=\"4112\"><p><span data-contrast=\"none\">\u2013<\/span><span data-ccp-props=\"{}\">\u00a0<\/span><span style=\"font-style: inherit; font-weight: inherit; color: var( --e-global-color-text ); font-family: var( --e-global-typography-text-font-family ), Sans-serif;\" data-contrast=\"none\">An [hier ist der Name, die Anschrift und die E-Mail-Adresse des Unternehmers durch den Unternehmer einzuf\u00fcgen]:<\/span><span style=\"font-style: inherit; font-weight: inherit; color: var( --e-global-color-text ); font-family: var( --e-global-typography-text-font-family ), Sans-serif;\" data-ccp-props=\"{&quot;335559685&quot;:720,&quot;335559739&quot;:120}\">\u00a0<\/span><\/p><p><span data-contrast=\"none\">\u2013<\/span><span data-ccp-props=\"{}\">\u00a0<\/span><span style=\"font-style: inherit; font-weight: inherit; color: var( --e-global-color-text ); font-family: var( --e-global-typography-text-font-family ), Sans-serif;\" data-contrast=\"none\">Hiermit widerrufe(n) ich\/wir (*) den von mir\/uns (*) abgeschlossenen Vertrag \u00fcber den Kauf der folgenden Waren (*)\/die Erbringung der folgenden Dienstleistung (*)<\/span><span style=\"font-style: inherit; font-weight: inherit; color: var( --e-global-color-text ); font-family: var( --e-global-typography-text-font-family ), Sans-serif;\" data-ccp-props=\"{&quot;335559685&quot;:720,&quot;335559739&quot;:120}\">\u00a0<\/span><\/p><p><span data-contrast=\"none\">\u2013<\/span><span data-ccp-props=\"{}\">\u00a0<\/span><span style=\"font-style: inherit; font-weight: inherit; color: var( --e-global-color-text ); font-family: var( --e-global-typography-text-font-family ), Sans-serif;\" data-contrast=\"none\">Bestellt am (*)\/erhalten am (*)<\/span><span style=\"font-style: inherit; font-weight: inherit; color: var( --e-global-color-text ); font-family: var( --e-global-typography-text-font-family ), Sans-serif;\" data-ccp-props=\"{&quot;335559685&quot;:720,&quot;335559739&quot;:120}\">\u00a0<\/span><\/p><p><span data-contrast=\"none\">\u2013<\/span><span data-ccp-props=\"{}\">\u00a0<\/span><span style=\"font-style: inherit; font-weight: inherit; color: var( --e-global-color-text ); font-family: var( --e-global-typography-text-font-family ), Sans-serif;\" data-contrast=\"none\">Name des\/der Verbraucher(s)<\/span><span style=\"font-style: inherit; font-weight: inherit; color: var( --e-global-color-text ); font-family: var( --e-global-typography-text-font-family ), Sans-serif;\" data-ccp-props=\"{&quot;335559685&quot;:720,&quot;335559739&quot;:120}\">\u00a0<\/span><\/p><p><span data-contrast=\"none\">\u2013<\/span><span data-ccp-props=\"{}\">\u00a0<\/span><span style=\"font-style: inherit; font-weight: inherit; color: var( --e-global-color-text ); font-family: var( --e-global-typography-text-font-family ), Sans-serif;\" data-contrast=\"none\">Anschrift des\/der Verbraucher(s)<\/span><span style=\"font-style: inherit; font-weight: inherit; color: var( --e-global-color-text ); font-family: var( --e-global-typography-text-font-family ), Sans-serif;\" data-ccp-props=\"{&quot;335559685&quot;:720,&quot;335559739&quot;:120}\">\u00a0<\/span><\/p><p><span data-contrast=\"none\">\u2013<\/span><span data-ccp-props=\"{}\">\u00a0<\/span><span style=\"font-style: inherit; font-weight: inherit; color: var( --e-global-color-text ); font-family: var( --e-global-typography-text-font-family ), Sans-serif;\" data-contrast=\"none\">Unterschrift des\/der Verbraucher(s) (nur bei Mitteilung auf Papier)<\/span><span style=\"font-style: inherit; font-weight: inherit; color: var( --e-global-color-text ); font-family: var( --e-global-typography-text-font-family ), Sans-serif;\" data-ccp-props=\"{&quot;335559685&quot;:720,&quot;335559739&quot;:120}\">\u00a0<\/span><\/p><p><span data-contrast=\"none\">\u2013<\/span><span data-ccp-props=\"{}\">\u00a0<\/span><span style=\"font-style: inherit; font-weight: inherit; color: var( --e-global-color-text ); font-family: var( --e-global-typography-text-font-family ), Sans-serif;\" data-contrast=\"none\">Datum<\/span><span style=\"font-style: inherit; font-weight: inherit; color: var( --e-global-color-text ); font-family: var( --e-global-typography-text-font-family ), Sans-serif;\" data-ccp-props=\"{&quot;335559685&quot;:720,&quot;335559739&quot;:120}\">\u00a0<\/span><\/p><\/td><\/tr><tr aria-rowindex=\"4\"><td data-celllook=\"4368\"><p><span data-contrast=\"none\">(*) Unzutreffendes streichen.<\/span><span data-ccp-props=\"{}\">\u00a0<\/span><\/p><\/td><\/tr><\/tbody><\/table>\t\t\t\t\t\t<\/div>\n\t\t\t\t<\/div>\n\t\t\t\t\t<\/div>\n\t\t<\/div>\n\t\t\t\t\t<\/div>\n\t\t<\/section>\n\t\t\t\t<\/div>","protected":false},"excerpt":{"rendered":"<p>Widerrufsbelehrung\u00a0 Widerrufsrecht\u00a0 Sie haben das Recht, binnen vierzehn Tagen ohne Angabe von Gr\u00fcnden diesen Vertrag zu widerrufen.\u00a0 Die Widerrufsfrist betr\u00e4gt vierzehn Tage ab dem Tag\u202fan dem Sie oder ein von Ihnen benannter Dritter, der nicht der Bef\u00f6rderer ist, die Waren in Besitz genommen haben bzw. hat.\u00a0 Um Ihr Widerrufsrecht auszu\u00fcben, m\u00fcssen Sie uns (Digital Impact [&hellip;]<\/p>","protected":false},"author":1,"featured_media":0,"parent":0,"menu_order":0,"comment_status":"closed","ping_status":"closed","template":"elementor_header_footer","meta":{"site-sidebar-layout":"no-sidebar","site-content-layout":"page-builder","ast-site-content-layout":"","site-content-style":"default","site-sidebar-style":"default","ast-global-header-display":"","ast-banner-title-visibility":"","ast-main-header-display":"","ast-hfb-above-header-display":"","ast-hfb-below-header-display":"","ast-hfb-mobile-header-display":"","site-post-title":"disabled","ast-breadcrumbs-content":"","ast-featured-img":"disabled","footer-sml-layout":"","theme-transparent-header-meta":"","adv-header-id-meta":"","stick-header-meta":"","header-above-stick-meta":"","header-main-stick-meta":"","header-below-stick-meta":"","astra-migrate-meta-layouts":"default","ast-page-background-enabled":"default","ast-page-background-meta":{"desktop":{"background-color":"","background-image":"","background-repeat":"repeat","background-position":"center center","background-size":"auto","background-attachment":"scroll","background-type":"","background-media":"","overlay-type":"","overlay-color":"","overlay-gradient":""},"tablet":{"background-color":"","background-image":"","background-repeat":"repeat","background-position":"center center","background-size":"auto","background-attachment":"scroll","background-type":"","background-media":"","overlay-type":"","overlay-color":"","overlay-gradient":""},"mobile":{"background-color":"","background-image":"","background-repeat":"repeat","background-position":"center center","background-size":"auto","background-attachment":"scroll","background-type":"","background-media":"","overlay-type":"","overlay-color":"","overlay-gradient":""}},"ast-content-background-meta":{"desktop":{"background-color":"var(--ast-global-color-5)","background-image":"","background-repeat":"repeat","background-position":"center center","background-size":"auto","background-attachment":"scroll","background-type":"","background-media":"","overlay-type":"","overlay-color":"","overlay-gradient":""},"tablet":{"background-color":"var(--ast-global-color-5)","background-image":"","background-repeat":"repeat","background-position":"center center","background-size":"auto","background-attachment":"scroll","background-type":"","background-media":"","overlay-type":"","overlay-color":"","overlay-gradient":""},"mobile":{"background-color":"var(--ast-global-color-5)","background-image":"","background-repeat":"repeat","background-position":"center center","background-size":"auto","background-attachment":"scroll","background-type":"","background-media":"","overlay-type":"","overlay-color":"","overlay-gradient":""}},"footnotes":""},"_links":{"self":[{"href":"https:\/\/daily-paintings.de\/en\/wp-json\/wp\/v2\/pages\/2719"}],"collection":[{"href":"https:\/\/daily-paintings.de\/en\/wp-json\/wp\/v2\/pages"}],"about":[{"href":"https:\/\/daily-paintings.de\/en\/wp-json\/wp\/v2\/types\/page"}],"author":[{"embeddable":true,"href":"https:\/\/daily-paintings.de\/en\/wp-json\/wp\/v2\/users\/1"}],"replies":[{"embeddable":true,"href":"https:\/\/daily-paintings.de\/en\/wp-json\/wp\/v2\/comments?post=2719"}],"version-history":[{"count":10,"href":"https:\/\/daily-paintings.de\/en\/wp-json\/wp\/v2\/pages\/2719\/revisions"}],"predecessor-version":[{"id":10634,"href":"https:\/\/daily-paintings.de\/en\/wp-json\/wp\/v2\/pages\/2719\/revisions\/10634"}],"wp:attachment":[{"href":"https:\/\/daily-paintings.de\/en\/wp-json\/wp\/v2\/media?parent=2719"}],"curies":[{"name":"wp","href":"https:\/\/api.w.org\/{rel}","templated":true}]}}