{"id":4627,"date":"2023-02-25T15:21:13","date_gmt":"2023-02-25T15:21:13","guid":{"rendered":"https:\/\/daily-paintings.de\/?page_id=4627"},"modified":"2024-03-19T13:52:36","modified_gmt":"2024-03-19T13:52:36","slug":"nutzungsbedingungen","status":"publish","type":"page","link":"https:\/\/daily-paintings.de\/en\/nutzungsbedingungen\/","title":{"rendered":"Terms of use"},"content":{"rendered":"<div data-elementor-type=\"wp-page\" data-elementor-id=\"4627\" class=\"elementor elementor-4627\" data-elementor-post-type=\"page\">\n\t\t\t\t\t\t<section class=\"elementor-section elementor-top-section elementor-element elementor-element-66be9331 elementor-section-content-middle elementor-section-boxed elementor-section-height-default elementor-section-height-default\" data-id=\"66be9331\" data-element_type=\"section\" data-settings=\"{&quot;background_background&quot;:&quot;classic&quot;}\">\n\t\t\t\t\t\t\t<div class=\"elementor-background-overlay\"><\/div>\n\t\t\t\t\t\t\t<div class=\"elementor-container elementor-column-gap-default\">\n\t\t\t\t\t<div class=\"elementor-column elementor-col-100 elementor-top-column elementor-element elementor-element-5457c2bb\" data-id=\"5457c2bb\" data-element_type=\"column\">\n\t\t\t<div class=\"elementor-widget-wrap elementor-element-populated\">\n\t\t\t\t\t\t<div class=\"elementor-element elementor-element-772aec5b elementor-widget elementor-widget-text-editor\" data-id=\"772aec5b\" data-element_type=\"widget\" data-widget_type=\"text-editor.default\">\n\t\t\t\t<div class=\"elementor-widget-container\">\n\t\t\t\t\t\t\t<p>Wir freuen uns \u00fcber deinen Besuch auf unserer Internetseite.<\/p>\n<p>Digital Impact Studio Klassen stellt diese Plattform teilnehmenden K\u00fcnstlerinnen\/K\u00fcnstlern zur Verf\u00fcgung, damit diese ihre Kunstwerke anbieten und verkaufen k\u00f6nnen.<\/p>\n<p>Der Besuch der Internetseite l\u00f6st keine vertragliche Bindung aus.<\/p>\n<p>Erst, wenn die\/der Nutzerin\/Nutzer einen Artikel aus den hier angebotenen Kunstwerken in den Warenkorb legt und den Kaufvorgang abschlie\u00dft, wird ein Kaufvertrag geschlossen.<\/p>\n<p><span style=\"font-style: inherit; font-weight: inherit; color: var( --e-global-color-text ); font-family: var( --e-global-typography-text-font-family ), Sans-serif;\">Die Zahlung erfolgt \u00fcber die Zahlungsdienstleister PayPal (<a href=\"http:\/\/www.paypal.com\" target=\"_blank\" rel=\"noopener\">http:\/\/www.paypal.com<\/a>) und stripe (<\/span><a style=\"font-style: inherit; font-weight: inherit; font-family: var( --e-global-typography-text-font-family ), Sans-serif; background-color: #ffffff;\" href=\"http:\/\/www.stripe.com\" target=\"_blank\" rel=\"noopener\">www.stripe.com<\/a><span style=\"font-style: inherit; font-weight: inherit; color: var( --e-global-color-text ); font-family: var( --e-global-typography-text-font-family ), Sans-serif;\">).<\/span><\/p>\n<p><strong>Allgemeines<\/strong><\/p>\n<p>(1) Alle Angebote, Kaufvertr\u00e4ge<strong>, <\/strong>Lieferungen und Dienstleistungen aufgrund von Bestellungen der\/des Nutzerin\/Nutzers \u00fcber die Internetseite&nbsp;<a style=\"font-style: inherit; font-weight: inherit; font-family: var( --e-global-typography-text-font-family ), Sans-serif; background-color: #ffffff;\" href=\"https:\/\/daily-paintings.de\/en\/\">www.daily-paintings.de<\/a><span style=\"font-style: inherit; font-weight: inherit; color: var( --e-global-color-text ); font-family: var( --e-global-typography-text-font-family ), Sans-serif;\">&nbsp;(nachfolgend die \u201eGalerie\u201c) unterliegen diesen Nutzungsbedingungen.<\/span><\/p>\n<p>(2) Die von den teilnehmenden K\u00fcnstlerinnen\/K\u00fcnstlern erschaffenen Werke sind Originale. Bei einem Kauf werden einfache allgemeine Nutzungsreche \u00fcbertragen.<\/p>\n<p><strong>Vertragsschluss<\/strong><\/p>\n<p>(1) Die Angebote in der Galerie sind verbindlich. Verkaufte Werke werden in der Galerie als solche angezeigt und k\u00f6nnen nicht in den Warenkorb gelegt werden.<\/p>\n<p>(2) Durch Aufgabe einer Bestellung in der Galerie (welche die vorherige Kenntnisnahme dieser Nutzungsbedingungen und die Zustimmung dazu erfordert), nimmt die\/der K\u00e4uferin\/K\u00e4ufer das Angebot zum Kauf des betreffenden Werkes an.<br>(3) Nach dem Bestellvorgang wird dir unverz\u00fcglich eine Best\u00e4tigungsmail zugesandt.<br>(4) Jede\/jeder K\u00e4uferin\/K\u00e4ufer, die\/der Verbraucherin\/Verbraucher im Sinne des \u00a7 13 BGB ist, ist berechtigt, den Kauf nach Ma\u00dfgabe der Widerrufsbelehrung zu widerrufen und das Werk zur\u00fcckzusenden.<\/p>\n<p><strong>Preise und Zahlung<\/strong><\/p>\n<p>(1) Die Preise sind in Euro angegeben und schlie\u00dfen die gesetzliche Umsatzsteuer sowie die Versandkosten ein. Z\u00f6lle und \u00e4hnliche Abgaben hat die\/der K\u00e4uferin\/K\u00e4ufer zu tragen.<br>(2) Soweit nicht ausdr\u00fccklich etwas anderes vereinbart ist, liefern wir nur gegen Vorkasse. F\u00fcr die Zahlungsabwicklung nutzen wir die Zahlungsdienstleister PayPal (www.paypal.com) und stripe (www.stripe.com).<br>(3) Um den Kaufvorgang \u2013 auch beim Kauf von verschiedenen K\u00fcnstlerinnen\/K\u00fcnstlern \u2013 so einfach wie m\u00f6glich zu gestalten, erh\u00e4lt die\/der K\u00e4uferin\/K\u00e4ufer immer nur eine Rechnung. Rechnungssteller ist Digital Impact Studio Klassen.<\/p>\n<p><strong>Versand<\/strong><\/p>\n<p>(1) Die Werke werden innerhalb der EU und in die Schweiz geliefert.<br>(2) Innerhalb Deutschlands betr\u00e4gt die Lieferzeit 7 Werktage. Die Lieferzeit in andere EU-L\u00e4nder und die Schweiz betr\u00e4gt 10 Tage.<br>(3) Bei Versand erh\u00e4ltst du eine Sendungsnummer, mit der du deine Lieferung online verfolgen kannst.<\/p>\n<p><strong>Gew\u00e4hrleistung<\/strong><\/p>\n<p>(1) Es gelten die gesetzlichen Gew\u00e4hrleistungsanspr\u00fcche.<br>(2) Jedes Bild ist einzigartig. Die tats\u00e4chliche Farbe des gekauften Bildes kann von der Farbgebung in der Galerie abweichen. Die farbliche Darstellung des Werkes h\u00e4ngt von verschiedenen Faktoren ab, beispielsweise vom verwendeten Licht bei der Aufnahme. Abweichungen sind kein Mangel, sondern Merkmal der Einzigartigkeit des Bildes.<\/p>\n<p><strong> Nutzungsrecht<\/strong><\/p>\n<p>(1) Bei einem Kauf r\u00e4umt die\/der K\u00fcnstlerin\/K\u00fcnstler der\/dem K\u00e4uferin\/K\u00e4ufer f\u00fcr private Zwecke ein einfaches Nutzungsrecht an dem Werk ein. Das Nutzungsrecht umfasst insbesondere<\/p>\n<ul>\n<li style=\"list-style-type: none;\">\n<ul>\n<li style=\"list-style-type: none;\">\n<ul>\n<li>die M\u00f6glichkeit der Vervielf\u00e4ltigung. Das beinhalt Vervielf\u00e4ltigungen jeglicher Art f\u00fcr private Zwecke.<\/li>\n<li>der Recht, Abbildungen von den Werken auf Social Media Plattformen \u00f6ffentlich zug\u00e4nglich zu machen.<\/li>\n<\/ul>\n<\/li>\n<\/ul>\n<\/li>\n<\/ul>\n<p>Die Abbildungen d\u00fcrfen von der\/dem K\u00e4uferin\/K\u00e4ufer archiviert bzw. als Backup gesichert werden. Die oben genannten Nutzungsrechte werden r\u00e4umlich und zeitlich unbegrenzt einger\u00e4umt.<br>(2) Jede Nutzung zu anderen als den oben vereinbarten Zwecken bedarf der Zustimmung der\/des K\u00fcnstlerin\/K\u00fcnstlers. Sollen die Werke oder Abbildungen davon zu anderen als in diesen Nutzungsbedingungen genannten Zwecken genutzt werden, erh\u00e4lt die\/der K\u00fcnstlerin\/K\u00fcnstler daraus einen Anspruch auf angemessene Verg\u00fctung nach \u00a7 32 UrhG. Eine andere Nutzungsart kann jederzeit mit der\/dem K\u00fcnstlerin\/K\u00fcnstler vereinbart werden. Insbesondere ist damit die gewerbliche Nutzung z.B. in Katalogen, auf Postkarten oder auf der Internetseite der Firma gemeint.<\/p>\n<p><strong> Data privacy<\/strong><\/p>\n<p>(1) Wir erheben die personenbezogenen Daten, die du uns zur Verf\u00fcgung stellst, damit die Zahlung bei einem Kauf abgewickelt werden kann.<br>(2) F\u00fcr den Umgang mit personenbezogenen Daten gilt unsere <a href=\"https:\/\/daily-paintings.de\/en\/datenschutzerklaerung-2\/\">Privacy policy<\/a>.<\/p>\n<p><strong> Anwendbares Recht, Streitschlichtung<\/strong><\/p>\n<p>(1) Der zwischen uns und der\/dem Kundin\/Kunden bestehende Kaufvertrag unterliegt vorbehaltlich zwingender internationalprivatrechtlicher Vorschriften dem Recht der Schweizerische Eidgenossenschaft unter Ausschluss des UN-Kaufrechts\u00fcbereinkommens.<br>(2) Die Europ\u00e4ische Kommission stellt eine Plattform zur Online-Streitbeilegung (OS) bereit. Die Plattform finden Sie unter:<br><a href=\"https:\/\/webgate.ec.europa.eu\/odr\/\" target=\"_blank\" rel=\"noopener\">https:\/\/webgate.ec.europa.eu\/odr\/<\/a><\/p>\n<p>Zur Teilnahme an Streitschlichtungsverfahren vor einer Verbraucherschlichtungsstelle sind wir weder bereit noch verpflichtet.<\/p>\t\t\t\t\t\t<\/div>\n\t\t\t\t<\/div>\n\t\t\t\t\t<\/div>\n\t\t<\/div>\n\t\t\t\t\t<\/div>\n\t\t<\/section>\n\t\t\t\t<\/div>","protected":false},"excerpt":{"rendered":"<p>Wir freuen uns \u00fcber deinen Besuch auf unserer Internetseite. Digital Impact Studio Klassen stellt diese Plattform teilnehmenden K\u00fcnstlerinnen\/K\u00fcnstlern zur Verf\u00fcgung, damit diese ihre Kunstwerke anbieten und verkaufen k\u00f6nnen. Der Besuch der Internetseite l\u00f6st keine vertragliche Bindung aus. Erst, wenn die\/der Nutzerin\/Nutzer einen Artikel aus den hier angebotenen Kunstwerken in den Warenkorb legt und den Kaufvorgang [&hellip;]<\/p>","protected":false},"author":1,"featured_media":0,"parent":0,"menu_order":0,"comment_status":"closed","ping_status":"closed","template":"elementor_header_footer","meta":{"site-sidebar-layout":"no-sidebar","site-content-layout":"page-builder","ast-site-content-layout":"","site-content-style":"default","site-sidebar-style":"default","ast-global-header-display":"","ast-banner-title-visibility":"","ast-main-header-display":"","ast-hfb-above-header-display":"","ast-hfb-below-header-display":"","ast-hfb-mobile-header-display":"","site-post-title":"disabled","ast-breadcrumbs-content":"","ast-featured-img":"disabled","footer-sml-layout":"","theme-transparent-header-meta":"","adv-header-id-meta":"","stick-header-meta":"","header-above-stick-meta":"","header-main-stick-meta":"","header-below-stick-meta":"","astra-migrate-meta-layouts":"default","ast-page-background-enabled":"default","ast-page-background-meta":{"desktop":{"background-color":"","background-image":"","background-repeat":"repeat","background-position":"center center","background-size":"auto","background-attachment":"scroll","background-type":"","background-media":"","overlay-type":"","overlay-color":"","overlay-gradient":""},"tablet":{"background-color":"","background-image":"","background-repeat":"repeat","background-position":"center center","background-size":"auto","background-attachment":"scroll","background-type":"","background-media":"","overlay-type":"","overlay-color":"","overlay-gradient":""},"mobile":{"background-color":"","background-image":"","background-repeat":"repeat","background-position":"center center","background-size":"auto","background-attachment":"scroll","background-type":"","background-media":"","overlay-type":"","overlay-color":"","overlay-gradient":""}},"ast-content-background-meta":{"desktop":{"background-color":"var(--ast-global-color-5)","background-image":"","background-repeat":"repeat","background-position":"center center","background-size":"auto","background-attachment":"scroll","background-type":"","background-media":"","overlay-type":"","overlay-color":"","overlay-gradient":""},"tablet":{"background-color":"var(--ast-global-color-5)","background-image":"","background-repeat":"repeat","background-position":"center center","background-size":"auto","background-attachment":"scroll","background-type":"","background-media":"","overlay-type":"","overlay-color":"","overlay-gradient":""},"mobile":{"background-color":"var(--ast-global-color-5)","background-image":"","background-repeat":"repeat","background-position":"center center","background-size":"auto","background-attachment":"scroll","background-type":"","background-media":"","overlay-type":"","overlay-color":"","overlay-gradient":""}},"footnotes":""},"_links":{"self":[{"href":"https:\/\/daily-paintings.de\/en\/wp-json\/wp\/v2\/pages\/4627"}],"collection":[{"href":"https:\/\/daily-paintings.de\/en\/wp-json\/wp\/v2\/pages"}],"about":[{"href":"https:\/\/daily-paintings.de\/en\/wp-json\/wp\/v2\/types\/page"}],"author":[{"embeddable":true,"href":"https:\/\/daily-paintings.de\/en\/wp-json\/wp\/v2\/users\/1"}],"replies":[{"embeddable":true,"href":"https:\/\/daily-paintings.de\/en\/wp-json\/wp\/v2\/comments?post=4627"}],"version-history":[{"count":46,"href":"https:\/\/daily-paintings.de\/en\/wp-json\/wp\/v2\/pages\/4627\/revisions"}],"predecessor-version":[{"id":10640,"href":"https:\/\/daily-paintings.de\/en\/wp-json\/wp\/v2\/pages\/4627\/revisions\/10640"}],"wp:attachment":[{"href":"https:\/\/daily-paintings.de\/en\/wp-json\/wp\/v2\/media?parent=4627"}],"curies":[{"name":"wp","href":"https:\/\/api.w.org\/{rel}","templated":true}]}}